{"id":345,"date":"2025-11-07T11:17:26","date_gmt":"2025-11-07T10:17:26","guid":{"rendered":"https:\/\/www.nvbl.org\/?page_id=345"},"modified":"2025-11-07T11:17:47","modified_gmt":"2025-11-07T10:17:47","slug":"championnat","status":"publish","type":"page","link":"https:\/\/www.nvbl.org\/index.php\/championnat\/","title":{"rendered":"Championnat"},"content":{"rendered":"<p>Vous trouverez dans cette section le suivi du championnat NVBL saison par saison.<\/p>\n<p>La NVBL organise des championnats tout au long de l&rsquo;ann\u00e9e. Il existe actuellement deux \u00ab\u00a0ligues\u00a0\u00bb (ou poules)\u00a0 :<\/p>\n<ul>\n<li>Poule MAX : filet \u00e0 hauteur standard (2&rsquo;43)<\/li>\n<li>Poule MIX : filet \u00e0 hauteur ajust\u00e9e \u00e0 2&rsquo;30 avec une obligation de mixit\u00e9 au sein de l&rsquo;\u00e9quipe.<\/li>\n<\/ul>\n<p>Le championnat se d\u00e9roule en deux phases :<\/p>\n<ul>\n<li>Une phase de confrontation entre toutes les \u00e9quipes de chaque poule<\/li>\n<li>Une phase de play-off pour d\u00e9terminer le vainqueur du championnat. Une vid\u00e9o explicative de cette phase de play-off est disponible ici :<\/li>\n<\/ul>\n<p><iframe loading=\"lazy\" title=\"NVBL - Pr\u00e9sentation play-off (cas pratique 2025 - 2025)\" width=\"580\" height=\"326\" src=\"https:\/\/www.youtube.com\/embed\/9Ylswhty3hI?feature=oembed\" frameborder=\"0\" allow=\"accelerometer; autoplay; clipboard-write; encrypted-media; gyroscope; picture-in-picture; web-share\" referrerpolicy=\"strict-origin-when-cross-origin\" allowfullscreen><\/iframe><\/p>\n","protected":false},"excerpt":{"rendered":"<p>Vous trouverez dans cette section le suivi du championnat NVBL saison par saison. La NVBL organise des championnats tout au long de l&rsquo;ann\u00e9e. Il existe actuellement deux \u00ab\u00a0ligues\u00a0\u00bb (ou poules)\u00a0 : Poule MAX : filet \u00e0 hauteur standard (2&rsquo;43) Poule MIX : filet \u00e0 hauteur ajust\u00e9e \u00e0 2&rsquo;30 avec une obligation de mixit\u00e9 au sein [&hellip;]<\/p>\n","protected":false},"author":9,"featured_media":0,"parent":0,"menu_order":0,"comment_status":"closed","ping_status":"closed","template":"","meta":{"footnotes":""},"class_list":["post-345","page","type-page","status-publish","hentry"],"_links":{"self":[{"href":"https:\/\/www.nvbl.org\/index.php\/wp-json\/wp\/v2\/pages\/345","targetHints":{"allow":["GET"]}}],"collection":[{"href":"https:\/\/www.nvbl.org\/index.php\/wp-json\/wp\/v2\/pages"}],"about":[{"href":"https:\/\/www.nvbl.org\/index.php\/wp-json\/wp\/v2\/types\/page"}],"author":[{"embeddable":true,"href":"https:\/\/www.nvbl.org\/index.php\/wp-json\/wp\/v2\/users\/9"}],"replies":[{"embeddable":true,"href":"https:\/\/www.nvbl.org\/index.php\/wp-json\/wp\/v2\/comments?post=345"}],"version-history":[{"count":2,"href":"https:\/\/www.nvbl.org\/index.php\/wp-json\/wp\/v2\/pages\/345\/revisions"}],"predecessor-version":[{"id":347,"href":"https:\/\/www.nvbl.org\/index.php\/wp-json\/wp\/v2\/pages\/345\/revisions\/347"}],"wp:attachment":[{"href":"https:\/\/www.nvbl.org\/index.php\/wp-json\/wp\/v2\/media?parent=345"}],"curies":[{"name":"wp","href":"https:\/\/api.w.org\/{rel}","templated":true}]}}