{"id":41,"date":"2020-09-01T00:44:00","date_gmt":"2020-08-31T22:44:00","guid":{"rendered":"https:\/\/www.nvbl.org\/?page_id=41"},"modified":"2025-11-08T16:09:07","modified_gmt":"2025-11-08T15:09:07","slug":"inscriptions","status":"publish","type":"page","link":"https:\/\/www.nvbl.org\/index.php\/inscriptions\/","title":{"rendered":"Inscriptions"},"content":{"rendered":"\r\n<p>Pour rejoindre les championnats NVBL, voici les d\u00e9marches \u00e0 suivre selon votre situation\u2026<\/p>\r\n\r\n\r\n\r\n\r\n\r\n<h3 class=\"wp-block-heading\"><strong>Vous avez un club ou une \u00e9quipe\u00a0non-adh\u00e9rente au NVBL\u00a0?<\/strong><\/h3>\r\n\r\n\r\n\r\n<p>C\u2019est tr\u00e8s simple aussi\u2026 Tout club, corpo, groupe d\u2019ami(e)s, peut engager une \u00e9quipe dans un championnat du NVBL !<br \/>Il faut juste v\u00e9rifier les quelques condition suivantes :<\/p>\r\n\r\n\r\n\r\n<p>R\u00e9unir au moins 7 joueurs motiv\u00e9(e)s pour toutes l\u2019ann\u00e9e (NDLR: l\u2019id\u00e9al, c\u2019est au moins 9 pour parer aux imp\u00e9ratifs perso\/pros, bobos, etc.).<\/p>\r\n\r\n\r\n\r\n<p>Disposer d\u2019une entit\u00e9 morale (une association), avec une assurance pour couvrir les quelques risques (responsabilit\u00e9 civile du club et des membres du bureau) comme toute activit\u00e9 collective.<\/p>\r\n\r\n\r\n\r\n<p>Disposer d\u2019un terrain de volley-ball (gymnase), un soir de la semaine (pas le week-end), dans la r\u00e9gion Nantaise, pour accueillir vos rencontres \u00e0 domicile.<\/p>\r\n\r\n\r\n\r\n<p>Le formulaire de demande d&rsquo;inscription est disponible ici : <a href=\"https:\/\/forms.office.com\/r\/Ne5ipWk96X\">Demande d&rsquo;inscription club NVBL \u2013 Remplir le formulaire<\/a><\/p>\r\n\r\n\r\n\r\n<p>Toutes les questions doivent \u00eatre adress\u00e9s \u00e0 : <a href=\"mailto:bureau@nvbl.org\">bureau@nvbl.org<\/a>\u00a0<\/p>\r\n","protected":false},"excerpt":{"rendered":"<p>Pour rejoindre les championnats NVBL, voici les d\u00e9marches \u00e0 suivre selon votre situation\u2026 Vous avez un club ou une \u00e9quipe\u00a0non-adh\u00e9rente au NVBL\u00a0? C\u2019est tr\u00e8s simple aussi\u2026 Tout club, corpo, groupe d\u2019ami(e)s, peut engager une \u00e9quipe dans un championnat du NVBL !Il faut juste v\u00e9rifier les quelques condition suivantes : R\u00e9unir au moins 7 joueurs motiv\u00e9(e)s [&hellip;]<\/p>\n","protected":false},"author":1,"featured_media":0,"parent":0,"menu_order":0,"comment_status":"closed","ping_status":"closed","template":"templates\/template-full-width.php","meta":{"footnotes":""},"class_list":["post-41","page","type-page","status-publish","hentry"],"_links":{"self":[{"href":"https:\/\/www.nvbl.org\/index.php\/wp-json\/wp\/v2\/pages\/41","targetHints":{"allow":["GET"]}}],"collection":[{"href":"https:\/\/www.nvbl.org\/index.php\/wp-json\/wp\/v2\/pages"}],"about":[{"href":"https:\/\/www.nvbl.org\/index.php\/wp-json\/wp\/v2\/types\/page"}],"author":[{"embeddable":true,"href":"https:\/\/www.nvbl.org\/index.php\/wp-json\/wp\/v2\/users\/1"}],"replies":[{"embeddable":true,"href":"https:\/\/www.nvbl.org\/index.php\/wp-json\/wp\/v2\/comments?post=41"}],"version-history":[{"count":5,"href":"https:\/\/www.nvbl.org\/index.php\/wp-json\/wp\/v2\/pages\/41\/revisions"}],"predecessor-version":[{"id":388,"href":"https:\/\/www.nvbl.org\/index.php\/wp-json\/wp\/v2\/pages\/41\/revisions\/388"}],"wp:attachment":[{"href":"https:\/\/www.nvbl.org\/index.php\/wp-json\/wp\/v2\/media?parent=41"}],"curies":[{"name":"wp","href":"https:\/\/api.w.org\/{rel}","templated":true}]}}